{"id":2577,"date":"2025-04-29T18:37:40","date_gmt":"2025-04-29T18:37:40","guid":{"rendered":"https:\/\/masterabnb.com\/?page_id=2577"},"modified":"2025-04-29T19:14:30","modified_gmt":"2025-04-29T19:14:30","slug":"curso-2025","status":"publish","type":"page","link":"https:\/\/masterabnb.com\/index.php\/curso-2025\/","title":{"rendered":"Curso 2025"},"content":{"rendered":"<p>[vc_row][vc_column][vc_empty_space][vc_column_text]<\/p>\n<h1>Area de miembros<\/h1>\n<p>Aqui encontras los materiales didacticos del curso.[\/vc_column_text][vc_empty_space][vc_tta_accordion][vc_tta_section title=&#8221;CLASE GRATIS&#8221; tab_id=&#8221;1629072950812-9818e56c-d9c2&#8243;][vc_column_text]Si aun no lo has hecho, te recomiendo ver esto antes de comenzar el curso, para entender el flujo de trabajo.[\/vc_column_text][vc_empty_space][vc_video link=&#8221;https:\/\/youtu.be\/Jbr23JhkbDA&#8221; align=&#8221;center&#8221;][\/vc_tta_section][vc_tta_section title=&#8221;Goal Contadores &#8211; Impuestos&#8221; tab_id=&#8221;1665939769875-c286514d-c16e&#8221;][vc_video link=&#8221;https:\/\/vimeo.com\/733019812&#8243; align=&#8221;center&#8221;][\/vc_tta_section][vc_tta_section title=&#8221;Inicont Impuestos&#8221; tab_id=&#8221;1665939806076-8aad71a2-1e5e&#8221;][vc_video link=&#8221;https:\/\/vimeo.com\/621761600&#8243; align=&#8221;center&#8221;][\/vc_tta_section][vc_tta_section i_icon_fontawesome=&#8221;stmlms-heart&#8221; add_icon=&#8221;true&#8221; title=&#8221;Te gust\u00f3?&#8221; tab_id=&#8221;1745950952510-6bb0d772-0599&#8243;][vc_column_text]Te gust\u00f3 la introducci\u00f3n al mundo de Airbnb y quieres trabajar como un PRO? Consigue el curso de 4 bloques por un precio especial!<\/p>\n<p>Usa el codigo: impuestos &#8211; para conseguir descuento de -40% en el curso pre grabado!<\/p>\n<ul>\n<li>Con esa tarifa cubres todas las bases y puedes iniciar tu negocio en renta vacacional<\/li>\n<li>Trabaja en tu ritmo<\/li>\n<li>Bloques 1-4<\/li>\n<li>20 clases grabadas<\/li>\n<li>Acceso a clases por 6 meses<\/li>\n<\/ul>\n<p>Que temas cubren los bloques 1-4?<\/p>\n<p>-opciones de trabajo con airbnb, como ser host, cohost etc. busqueda del departamento<\/p>\n<p>-dise\u00f1o y muebles. Analisis de la competencia<\/p>\n<p>-como trabajar con plataforma de Airbnb<\/p>\n<p>-atencion al cliente[\/vc_column_text]<span id=\"creative-link-wrap-9466\" class=\"ult_main_cl ult-adjust-bottom-margin  \" >\n\t \t\t\t<span class=\"ult_cl_link_2  ult_crlink\" >\n\t\t\t\t\t<a  data-ultimate-target='#creative-link-wrap-9466 .ult_colorlink'  data-responsive-json-new='{\"font-size\":\"\",\"line-height\":\"\"}'  href=\"https:\/\/buy.stripe.com\/dR6cQe4HR3Tz21a6oA\" target=\"_blank\" rel=\"noopener\"  class=\"ult_colorlink ult-responsive \" style=\"text-decoration:underline;font-weight:normal; \"  data-textcolor=\"#333333\" data-texthover=\"#603000\"data-bgcolor=\"#ffffff\"data-bghover=\"#ffffff\"data-style=\"Style_2\">\n\t\t\t\t\t\t\n\t\t\t\t\t\t<span data-hover=\"Conseguir acceso al curso de 4 bloques\" style=\"color:#333333;;background:#ffffff;;\" class=\"ult_btn10_span   \">Conseguir acceso al curso de 4 bloques<\/span>\n\t\t\t\t\t\t\n\t\t\t\t\t<\/a>\n\t\t\t\t<\/span>\n\t\t\t<\/span><span id=\"creative-link-wrap-7698\" class=\"ult_main_cl ult-adjust-bottom-margin  \" >\n\t \t\t\t<span class=\"ult_cl_link_2  ult_crlink\" >\n\t\t\t\t\t<a  data-ultimate-target='#creative-link-wrap-7698 .ult_colorlink'  data-responsive-json-new='{\"font-size\":\"\",\"line-height\":\"\"}'  href=\"https:\/\/buy.stripe.com\/aEUg2qdeneyd5dmcN2\" target=\"_blank\" rel=\"noopener\"  class=\"ult_colorlink ult-responsive \" style=\"text-decoration:underline;font-weight:normal; \"  data-textcolor=\"#333333\" data-texthover=\"#603000\"data-bgcolor=\"#ffe4af\"data-bghover=\"#ffe4af\"data-style=\"Style_2\">\n\t\t\t\t\t\t\n\t\t\t\t\t\t<span data-hover=\"Algo mas presonalizado? Solicitar consultoria con Tanya\" style=\"color:#333333;;background:#ffe4af;;\" class=\"ult_btn10_span   \">Algo mas presonalizado? Solicitar consultoria con Tanya<\/span>\n\t\t\t\t\t\t\n\t\t\t\t\t<\/a>\n\t\t\t\t<\/span>\n\t\t\t<\/span>[\/vc_tta_section][vc_tta_section title=&#8221;BLOQUE 1 &#8211; Clase 1&#8243; tab_id=&#8221;1649113896820-5fa322b8-decb&#8221;][vc_column_text]<\/p>\n<p class=\"p1\">Bloque 1. Clase 1. Opciones de trabajo en Airbnb<\/p>\n<p>[\/vc_column_text][vc_empty_space][vc_video link=&#8221;https:\/\/vimeo.com\/1079916427&#8243;][\/vc_tta_section][vc_tta_section title=&#8221;Clase 2&#8243; tab_id=&#8221;1629096254524-15e6d6f4-a2d0&#8243;][vc_video link=&#8221;https:\/\/vimeo.com\/nodisponible&#8221; align=&#8221;center&#8221;][\/vc_tta_section][vc_tta_section title=&#8221;Clase 3&#8243; tab_id=&#8221;1629148143497-4282e405-434a&#8221;][vc_video link=&#8221;https:\/\/vimeo.com\/nodisponible&#8221; align=&#8221;center&#8221;][\/vc_tta_section][vc_tta_section title=&#8221;Clase 4&#8243; tab_id=&#8221;1629357042958-86104708-d610&#8243;][vc_video link=&#8221;https:\/\/vimeo.com\/nodisponible&#8221; align=&#8221;center&#8221;][\/vc_tta_section][vc_tta_section i_icon_fontawesome=&#8221;stmlms-hamburger&#8221; add_icon=&#8221;true&#8221; title=&#8221;BLOQUE 2 &#8211; Clase 1&#8243; tab_id=&#8221;1635762145672-c7265d19-7f72&#8243;][vc_video link=&#8221;https:\/\/vimeo.com\/1&#8243; align=&#8221;center&#8221;][\/vc_tta_section][vc_tta_section title=&#8221;Clase 2&#8243; tab_id=&#8221;1635762201023-b6ed9d4e-bbb7&#8243;][vc_video link=&#8221;https:\/\/vimeo.com\/2&#8243; align=&#8221;center&#8221;][\/vc_tta_section][vc_tta_section title=&#8221;Clase 3&#8243; tab_id=&#8221;1635762248691-996ed18b-9978&#8243;][vc_video link=&#8221;https:\/\/vimeo.com\/3&#8243; align=&#8221;center&#8221;][\/vc_tta_section][vc_tta_section title=&#8221;Clase 4&#8243; tab_id=&#8221;1635762311675-a531b85d-7182&#8243;][vc_video link=&#8221;https:\/\/vimeo.com\/4&#8243; align=&#8221;center&#8221;][\/vc_tta_section][vc_tta_section title=&#8221;Clase 5&#8243; tab_id=&#8221;1635762351155-1005585e-0f6d&#8221;][vc_video link=&#8221;https:\/\/vimeo.com\/5&#8243; align=&#8221;center&#8221;][\/vc_tta_section][vc_tta_section title=&#8221;Clase Adicional&#8221; tab_id=&#8221;1646589622811-37e9ceae-d71b&#8221;][vc_video link=&#8221;https:\/\/vimeo.com\/6&#8243; align=&#8221;center&#8221;][\/vc_tta_section][vc_tta_section i_icon_fontawesome=&#8221;fas fa-arrow-down&#8221; add_icon=&#8221;true&#8221; title=&#8221;BLOQUE 3 &#8211; Clase 1&#8243; tab_id=&#8221;1635762683502-a75dbd2e-6f5d&#8221;][vc_video link=&#8221;https:\/\/vimeo.com\/595066445&#8243; align=&#8221;center&#8221;][\/vc_tta_section][vc_tta_section title=&#8221;Clase 2 &#8211; Parte 1&#8243; tab_id=&#8221;1635762723801-1ae2a0c2-63b5&#8243;][vc_video link=&#8221;https:\/\/vimeo.com\/595557313&#8243; align=&#8221;center&#8221;][\/vc_tta_section][vc_tta_section title=&#8221;Clase 2 &#8211; Parte 2&#8243; tab_id=&#8221;1635762747237-744290fd-ca01&#8243;][vc_video link=&#8221;https:\/\/vimeo.com\/595626675&#8243; align=&#8221;center&#8221;][\/vc_tta_section][vc_tta_section title=&#8221;Clase 2 &#8211; Parte 3&#8243; tab_id=&#8221;1635762898696-06492f5b-4236&#8243;][vc_video link=&#8221;https:\/\/vimeo.com\/595626817&#8243; align=&#8221;center&#8221;][\/vc_tta_section][vc_tta_section title=&#8221;Clase 2 &#8211; Parte 4&#8243; tab_id=&#8221;1635762933535-f952f931-7ea1&#8243;][vc_video link=&#8221;https:\/\/vimeo.com\/608393883&#8243; align=&#8221;center&#8221;][\/vc_tta_section][vc_tta_section title=&#8221;Clase 2 &#8211; Parte 5&#8243; tab_id=&#8221;1635762978652-74fd67c9-c830&#8243;][vc_video link=&#8221;https:\/\/vimeo.com\/595691109&#8243; align=&#8221;center&#8221;][\/vc_tta_section][vc_tta_section title=&#8221;Clase 3&#8243; tab_id=&#8221;1635763021567-23b7d297-de69&#8243;][vc_video link=&#8221;https:\/\/vimeo.com\/620993478&#8243; align=&#8221;center&#8221;][\/vc_tta_section][vc_tta_section title=&#8221;Clase 4&#8243; tab_id=&#8221;1635763111495-1e0c225e-4291&#8243;][vc_video link=&#8221;https:\/\/vimeo.com\/608399229&#8243; align=&#8221;center&#8221;][\/vc_tta_section][vc_tta_section title=&#8221;Clase 5&#8243; tab_id=&#8221;1635763164306-f2414b06-68e9&#8243;][vc_video link=&#8221;https:\/\/vimeo.com\/620997810&#8243; align=&#8221;center&#8221;][\/vc_tta_section][vc_tta_section title=&#8221;Clase 6&#8243; tab_id=&#8221;1636375700390-b6519c00-3ad9&#8243;][vc_video link=&#8221;https:\/\/vimeo.com\/621000583&#8243; align=&#8221;center&#8221;][\/vc_tta_section][vc_tta_section title=&#8221;Clase Adicional&#8221; tab_id=&#8221;1635763248496-4bf5be37-949e&#8221;][vc_video link=&#8221;https:\/\/vimeo.com\/599179258&#8243; align=&#8221;center&#8221;][\/vc_tta_section][vc_tta_section i_icon_fontawesome=&#8221;fas fa-angle-right&#8221; add_icon=&#8221;true&#8221; title=&#8221;BLOQUE 4 &#8211; Clase 1&#8243; tab_id=&#8221;1631039625007-d871cce1-dd2c&#8221;][vc_video link=&#8221;https:\/\/vimeo.com\/599671066&#8243; align=&#8221;center&#8221;][\/vc_tta_section][vc_tta_section title=&#8221;Clase 2&#8243; tab_id=&#8221;1631039684124-77707eda-4681&#8243;][vc_video link=&#8221;https:\/\/vimeo.com\/599669190&#8243; align=&#8221;center&#8221;][\/vc_tta_section][vc_tta_section title=&#8221;Clase 3&#8243; tab_id=&#8221;1631039722540-6565287e-ce29&#8243;][vc_video link=&#8221;https:\/\/vimeo.com\/599667201&#8243; align=&#8221;center&#8221;][\/vc_tta_section][vc_tta_section title=&#8221;Clase Adicional&#8221; tab_id=&#8221;1631039783736-c0a0038c-508c&#8221;][vc_video link=&#8221;https:\/\/vimeo.com\/599184469&#8243; align=&#8221;center&#8221;][\/vc_tta_section][vc_tta_section i_icon_fontawesome=&#8221;stmlms-money-bag&#8221; add_icon=&#8221;true&#8221; title=&#8221;BLOQUE 5 &#8211; Clase 1&#8243; tab_id=&#8221;1631644651431-d4f01d54-fb61&#8243;][vc_column_text]Acceso a los bloques 5 y 7 es por contrase\u00f1a. Si los conseguiste &#8211; pide tus contrase\u00f1as al tutor.[\/vc_column_text][vc_video link=&#8221;https:\/\/vimeo.com\/604702746&#8243; align=&#8221;center&#8221;][\/vc_tta_section][vc_tta_section title=&#8221;Clase 2&#8243; tab_id=&#8221;1631644716401-dda3762c-c960&#8243;][vc_video link=&#8221;https:\/\/vimeo.com\/604706352&#8243; align=&#8221;center&#8221;][\/vc_tta_section][vc_tta_section title=&#8221;Clase 3&#8243; tab_id=&#8221;1631644754557-a5ae514f-f271&#8243;][vc_video link=&#8221;https:\/\/vimeo.com\/604717653&#8243; align=&#8221;center&#8221;][\/vc_tta_section][\/vc_tta_accordion][\/vc_column][\/vc_row][vc_column][\/vc_column][vc_column][\/vc_column][vc_column][\/vc_column]<\/p>\n","protected":false},"excerpt":{"rendered":"<p>[vc_row][vc_column][vc_empty_space][vc_column_text] Area de miembros Aqui encontras los materiales didacticos del curso.[\/vc_column_text][vc_empty_space][vc_tta_accordion][vc_tta_section title=&#8221;CLASE GRATIS&#8221; tab_id=&#8221;1629072950812-9818e56c-d9c2&#8243;][vc_column_text]Si aun no lo has hecho, te recomiendo ver esto antes de comenzar el curso, para entender el flujo de trabajo.[\/vc_column_text][vc_empty_space][vc_video link=&#8221;https:\/\/youtu.be\/Jbr23JhkbDA&#8221; align=&#8221;center&#8221;][\/vc_tta_section][vc_tta_section title=&#8221;Goal Contadores &#8211; Impuestos&#8221; tab_id=&#8221;1665939769875-c286514d-c16e&#8221;][vc_video link=&#8221;https:\/\/vimeo.com\/733019812&#8243; align=&#8221;center&#8221;][\/vc_tta_section][vc_tta_section title=&#8221;Inicont Impuestos&#8221; tab_id=&#8221;1665939806076-8aad71a2-1e5e&#8221;][vc_video link=&#8221;https:\/\/vimeo.com\/621761600&#8243; align=&#8221;center&#8221;][\/vc_tta_section][vc_tta_section i_icon_fontawesome=&#8221;stmlms-heart&#8221; add_icon=&#8221;true&#8221; title=&#8221;Te gust\u00f3?&#8221; tab_id=&#8221;1745950952510-6bb0d772-0599&#8243;][vc_column_text]Te gust\u00f3 la [&hellip;]<\/p>\n","protected":false},"author":1,"featured_media":0,"parent":0,"menu_order":0,"comment_status":"closed","ping_status":"closed","template":"one-page-template.php","meta":{"footnotes":""},"class_list":["post-2577","page","type-page","status-publish","hentry"],"_links":{"self":[{"href":"https:\/\/masterabnb.com\/index.php\/wp-json\/wp\/v2\/pages\/2577","targetHints":{"allow":["GET"]}}],"collection":[{"href":"https:\/\/masterabnb.com\/index.php\/wp-json\/wp\/v2\/pages"}],"about":[{"href":"https:\/\/masterabnb.com\/index.php\/wp-json\/wp\/v2\/types\/page"}],"author":[{"embeddable":true,"href":"https:\/\/masterabnb.com\/index.php\/wp-json\/wp\/v2\/users\/1"}],"replies":[{"embeddable":true,"href":"https:\/\/masterabnb.com\/index.php\/wp-json\/wp\/v2\/comments?post=2577"}],"version-history":[{"count":9,"href":"https:\/\/masterabnb.com\/index.php\/wp-json\/wp\/v2\/pages\/2577\/revisions"}],"predecessor-version":[{"id":2586,"href":"https:\/\/masterabnb.com\/index.php\/wp-json\/wp\/v2\/pages\/2577\/revisions\/2586"}],"wp:attachment":[{"href":"https:\/\/masterabnb.com\/index.php\/wp-json\/wp\/v2\/media?parent=2577"}],"curies":[{"name":"wp","href":"https:\/\/api.w.org\/{rel}","templated":true}]}}